{"id":2,"date":"2010-03-17T11:25:00","date_gmt":"2010-03-17T11:25:00","guid":{"rendered":"http:\/\/www.motorcusabriusta.com\/?page_id=2"},"modified":"2010-03-18T07:46:33","modified_gmt":"2010-03-18T05:46:33","slug":"hakkinda","status":"publish","type":"page","link":"http:\/\/www.motorcusabriusta.com\/?page_id=2","title":{"rendered":"\u0130leti\u015fim Bilgileri"},"content":{"rendered":"<p>Sabri Usta ve O\u011fullar\u0131 Teknik Servis ileti\u015fim bilgileri:<br \/>\n<a href=\"http:\/\/www.motorcusabriusta.com\/wp-content\/uploads\/offroad2.jpg\"><img loading=\"lazy\" decoding=\"async\" class=\"alignright size-medium wp-image-28\" title=\"offroad2\" src=\"http:\/\/www.motorcusabriusta.com\/wp-content\/uploads\/offroad2-300x187.jpg\" alt=\"\" width=\"300\" height=\"187\" srcset=\"http:\/\/www.motorcusabriusta.com\/wp-content\/uploads\/offroad2-300x187.jpg 300w, http:\/\/www.motorcusabriusta.com\/wp-content\/uploads\/offroad2.jpg 400w\" sizes=\"auto, (max-width: 300px) 100vw, 300px\" \/><\/a><br \/>\n<strong>Urla K\u00fc\u00e7\u00fck Sanayi B\u00f6lgesi, Urla \u0130zmir<\/strong><\/p>\n<p>Telefon: <strong>(232)754-4314<\/strong><\/p>\n<p>\u00c7al\u0131\u015fma Saatleri: Pazartesi-Cumartesi: 09:00 &#8211; 19:00<\/p>\n<hr>\n<p><\/p>\n<p><iframe loading=\"lazy\" width=\"425\" height=\"350\" frameborder=\"0\" scrolling=\"no\" marginheight=\"0\" marginwidth=\"0\" src=\"http:\/\/maps.google.com\/maps?q=38.322102,26.751512&amp;num=1&amp;t=h&amp;sll=38.321828,26.751666&amp;sspn=0.006868,0.014806&amp;ie=UTF8&amp;ll=38.32203,26.751537&amp;spn=0.006868,0.014806&amp;z=16&amp;output=embed\"><\/iframe><br \/><small><a href=\"http:\/\/maps.google.com\/maps?q=38.322102,26.751512&amp;num=1&amp;t=h&amp;sll=38.321828,26.751666&amp;sspn=0.006868,0.014806&amp;ie=UTF8&amp;ll=38.32203,26.751537&amp;spn=0.006868,0.014806&amp;z=16&amp;source=embed\" style=\"color:#0000FF;text-align:left\">View Larger Map<\/a><\/small><\/p>\n","protected":false},"excerpt":{"rendered":"<p>Sabri Usta ve O\u011fullar\u0131 Teknik Servis ileti\u015fim bilgileri: Urla K\u00fc\u00e7\u00fck Sanayi B\u00f6lgesi, Urla \u0130zmir Telefon: (232)754-4314 \u00c7al\u0131\u015fma Saatleri: Pazartesi-Cumartesi: 09:00 &#8211; 19:00 View Larger Map<\/p>\n","protected":false},"author":4,"featured_media":0,"parent":0,"menu_order":0,"comment_status":"closed","ping_status":"closed","template":"","meta":{"footnotes":""},"class_list":["post-2","page","type-page","status-publish","hentry"],"jetpack_sharing_enabled":true,"_links":{"self":[{"href":"http:\/\/www.motorcusabriusta.com\/index.php?rest_route=\/wp\/v2\/pages\/2","targetHints":{"allow":["GET"]}}],"collection":[{"href":"http:\/\/www.motorcusabriusta.com\/index.php?rest_route=\/wp\/v2\/pages"}],"about":[{"href":"http:\/\/www.motorcusabriusta.com\/index.php?rest_route=\/wp\/v2\/types\/page"}],"author":[{"embeddable":true,"href":"http:\/\/www.motorcusabriusta.com\/index.php?rest_route=\/wp\/v2\/users\/4"}],"replies":[{"embeddable":true,"href":"http:\/\/www.motorcusabriusta.com\/index.php?rest_route=%2Fwp%2Fv2%2Fcomments&post=2"}],"version-history":[{"count":12,"href":"http:\/\/www.motorcusabriusta.com\/index.php?rest_route=\/wp\/v2\/pages\/2\/revisions"}],"predecessor-version":[{"id":31,"href":"http:\/\/www.motorcusabriusta.com\/index.php?rest_route=\/wp\/v2\/pages\/2\/revisions\/31"}],"wp:attachment":[{"href":"http:\/\/www.motorcusabriusta.com\/index.php?rest_route=%2Fwp%2Fv2%2Fmedia&parent=2"}],"curies":[{"name":"wp","href":"https:\/\/api.w.org\/{rel}","templated":true}]}}